{"id":8,"date":"2025-11-27T13:09:47","date_gmt":"2025-11-27T13:09:47","guid":{"rendered":"https:\/\/databilgisayar.net\/?page_id=8"},"modified":"2025-11-29T12:22:08","modified_gmt":"2025-11-29T12:22:08","slug":"hizmetlerimiz","status":"publish","type":"page","link":"https:\/\/databilgisayar.net\/?page_id=8","title":{"rendered":"Hizmetlerimiz"},"content":{"rendered":"\n<p><strong>Logo &amp; ETA Yaz\u0131l\u0131m Teknik Destek<\/strong><br>\u2022 Logo &amp; ETA Program Kurulumu ve Lisanslama<br>\u2022 Sorunsuz Versiyon G\u00fcncellemeleri<br>\u2022 Veri Yedekleme \u2013 Ta\u015f\u0131ma \u0130\u015flemleri<br>\u2022 Hata Giderme &amp; Performans \u0130yile\u015ftirme<br>\u2022 Kullan\u0131c\u0131 E\u011fitimleri (Yaz\u0131l\u0131m\u0131 daha etkin kullanman\u0131z i\u00e7in)<br>\u2022 Ayl\u0131k \/ Y\u0131ll\u0131k Bak\u0131m Anla\u015fmalar\u0131 ile s\u00fcrekli destek<\/p>\n\n\n\n<p><strong>Bilgisayar Teknik Servis Hizmetleri<\/strong><br>\u2022 Yerinde &amp; Uzaktan H\u0131zl\u0131 Teknik Destek<br>\u2022 Ar\u0131za Tespiti, Onar\u0131m ve Par\u00e7a De\u011fi\u015fimi<br>\u2022 Format ve Sistem Optimizasyonu ile Maksimum Performans<br>\u2022 Termal Bak\u0131m &amp; Fan Temizli\u011fi (A\u015f\u0131r\u0131 \u0131s\u0131nma sorunlar\u0131na kal\u0131c\u0131 \u00e7\u00f6z\u00fcm)                                                      <br>\u2022 SSD Y\u00fckseltme ile Bilgisayar\u0131n\u0131za Yeni Bir Hayat Verin!<br>\u2022 Veri Kurtarma &amp; Yedekleme Hizmetleri (De\u011ferli verileriniz g\u00fcvende)<\/p>\n\n\n\n<p><strong>G\u00fcvenlik Kamera Sistemleri<\/strong><br>\u2022 Profesyonel AHD \/ IP Kamera Sistem Kurulumu<br>\u2022 Mevcut Sistemlerde Bak\u0131m ve Ar\u0131za \u00c7\u00f6z\u00fcm\u00fc<br>\u2022 DVR \/ NVR Cihaz Kurulumu ve Yap\u0131land\u0131rma<br>\u2022 Cep Telefonunuzdan Anl\u0131k Mobil \u0130zleme Entegrasyonu<br>\u2022 Kesintisiz g\u00fcvenlik i\u00e7in D\u00fczenli Bak\u0131m &amp; Servis Anla\u015fmalar\u0131<br><\/p>\n\n\n\n<p><strong>M\u00fc\u015fteri memnuniyetini, kaliteli hizmet anlay\u0131\u015f\u0131m\u0131zla Antalya&#8217;daki t\u00fcm bireysel ve kurumsal m\u00fc\u015fterilerimize hizmet vermekteyiz&#8230;<\/strong><\/p>\n","protected":false},"excerpt":{"rendered":"<p>Logo &amp; ETA Yaz\u0131l\u0131m Teknik Destek\u2022 Logo &amp; ETA Program Kurulumu ve Lisanslama\u2022 Sorunsuz Versiyon G\u00fcncellemeleri\u2022 Veri Yedekleme \u2013 Ta\u015f\u0131ma [&hellip;]<\/p>\n","protected":false},"author":1,"featured_media":0,"parent":0,"menu_order":0,"comment_status":"closed","ping_status":"closed","template":"","meta":{"site-sidebar-layout":"default","site-content-layout":"","ast-site-content-layout":"default","site-content-style":"default","site-sidebar-style":"default","ast-global-header-display":"","ast-banner-title-visibility":"","ast-main-header-display":"","ast-hfb-above-header-display":"","ast-hfb-below-header-display":"","ast-hfb-mobile-header-display":"","site-post-title":"","ast-breadcrumbs-content":"","ast-featured-img":"","footer-sml-layout":"","theme-transparent-header-meta":"","adv-header-id-meta":"","stick-header-meta":"","header-above-stick-meta":"","header-main-stick-meta":"","header-below-stick-meta":"","astra-migrate-meta-layouts":"default","ast-page-background-enabled":"default","ast-page-background-meta":{"desktop":{"background-color":"var(--ast-global-color-5)","background-image":"","background-repeat":"repeat","background-position":"center center","background-size":"auto","background-attachment":"scroll","background-type":"","background-media":"","overlay-type":"","overlay-color":"","overlay-opacity":"","overlay-gradient":""},"tablet":{"background-color":"","background-image":"","background-repeat":"repeat","background-position":"center center","background-size":"auto","background-attachment":"scroll","background-type":"","background-media":"","overlay-type":"","overlay-color":"","overlay-opacity":"","overlay-gradient":""},"mobile":{"background-color":"","background-image":"","background-repeat":"repeat","background-position":"center center","background-size":"auto","background-attachment":"scroll","background-type":"","background-media":"","overlay-type":"","overlay-color":"","overlay-opacity":"","overlay-gradient":""}},"ast-content-background-meta":{"desktop":{"background-color":"var(--ast-global-color-4)","background-image":"","background-repeat":"repeat","background-position":"center center","background-size":"auto","background-attachment":"scroll","background-type":"","background-media":"","overlay-type":"","overlay-color":"","overlay-opacity":"","overlay-gradient":""},"tablet":{"background-color":"var(--ast-global-color-4)","background-image":"","background-repeat":"repeat","background-position":"center center","background-size":"auto","background-attachment":"scroll","background-type":"","background-media":"","overlay-type":"","overlay-color":"","overlay-opacity":"","overlay-gradient":""},"mobile":{"background-color":"var(--ast-global-color-4)","background-image":"","background-repeat":"repeat","background-position":"center center","background-size":"auto","background-attachment":"scroll","background-type":"","background-media":"","overlay-type":"","overlay-color":"","overlay-opacity":"","overlay-gradient":""}},"footnotes":""},"class_list":["post-8","page","type-page","status-publish","hentry"],"_links":{"self":[{"href":"https:\/\/databilgisayar.net\/index.php?rest_route=\/wp\/v2\/pages\/8","targetHints":{"allow":["GET"]}}],"collection":[{"href":"https:\/\/databilgisayar.net\/index.php?rest_route=\/wp\/v2\/pages"}],"about":[{"href":"https:\/\/databilgisayar.net\/index.php?rest_route=\/wp\/v2\/types\/page"}],"author":[{"embeddable":true,"href":"https:\/\/databilgisayar.net\/index.php?rest_route=\/wp\/v2\/users\/1"}],"replies":[{"embeddable":true,"href":"https:\/\/databilgisayar.net\/index.php?rest_route=%2Fwp%2Fv2%2Fcomments&post=8"}],"version-history":[{"count":8,"href":"https:\/\/databilgisayar.net\/index.php?rest_route=\/wp\/v2\/pages\/8\/revisions"}],"predecessor-version":[{"id":316,"href":"https:\/\/databilgisayar.net\/index.php?rest_route=\/wp\/v2\/pages\/8\/revisions\/316"}],"wp:attachment":[{"href":"https:\/\/databilgisayar.net\/index.php?rest_route=%2Fwp%2Fv2%2Fmedia&parent=8"}],"curies":[{"name":"wp","href":"https:\/\/api.w.org\/{rel}","templated":true}]}}